{"id":136,"date":"2020-09-23T17:58:44","date_gmt":"2020-09-23T15:58:44","guid":{"rendered":"http:\/\/camille-dieteticienne.fr\/?page_id=136"},"modified":"2026-03-25T11:11:36","modified_gmt":"2026-03-25T10:11:36","slug":"quest-ce-que-la-dietetique","status":"publish","type":"page","link":"https:\/\/camille-dieteticienne.fr\/index.php\/quest-ce-que-la-dietetique\/","title":{"rendered":"Qu&rsquo;est-ce que la di\u00e9t\u00e9tique"},"content":{"rendered":"\n<h1 class=\"wp-block-heading has-text-align-center\">Qu&rsquo;est-ce que la di\u00e9t\u00e9tique<\/h1>\n\n\n\n<h4 class=\"wp-block-heading\">La di\u00e9t\u00e9tique est la science qui \u00e9tudie l\u2019alimentation dans tous ses d\u00e9tails et les implications de l\u2019alimentation sur la sant\u00e9. <\/h4>\n\n\n\n<p>Elle a pour objectif de permettre aux \u00eatres humains de conserver ou retrouver leur poids, pr\u00e9server ou am\u00e9liorer leur sant\u00e9, gr\u00e2ce \u00e0 la connaissance des aliments.<\/p>\n\n\n\n<p>Un di\u00e9t\u00e9ticien nutritionniste est form\u00e9 \u00e0 la connaissance et la ma\u00eetrise :\n                <\/p>\n\n\n\n<ul class=\"wp-block-list\">\n<li>De la physiologie de la nutrition : la digestion, l\u2019absorption et l\u2019utilisation des nutriments par le corps ;<\/li>\n\n\n\n<li>De la composition des aliments ;<\/li>\n\n\n\n<li>Des techniques de pr\u00e9paration culinaire et la connaissance de multiples gastronomies ;<\/li>\n\n\n\n<li>Des processus de fabrication industrielle des aliments ;<\/li>\n\n\n\n<li>De l\u2019hygi\u00e8ne alimentaire et des moyens de conservation des aliments ;<\/li>\n\n\n\n<li>Des pathologies li\u00e9es \u00e0 la nutrition et leurs prises en charge m\u00e9dicale et di\u00e9t\u00e9tique.<\/li>\n<\/ul>\n\n\n\n<p><em>Selon l\u2019article L4371-1 du code de la Sant\u00e9 Publique<\/em>, le di\u00e9t\u00e9ticien est un <em>\u00ab\u00a0Auxiliaire m\u00e9dical qui donne des conseils nutritionnels et qui, sur prescription m\u00e9dicale, \u00e9tablit un bilan di\u00e9t\u00e9tique personnalis\u00e9 et dispense une \u00e9ducation ou une r\u00e9\u00e9ducation nutritionnelle adapt\u00e9e \u00e0 des patients atteints de troubles du m\u00e9tabolisme (ob\u00e9sit\u00e9, diab\u00e8te, etc.) ou de l\u2019alimentation (anorexie, boulimie, etc.).\u00a0\u00bb<\/em><br><\/p>\n\n\n\n<p><strong>Le di\u00e9t\u00e9ticien est le seul professionnel param\u00e9dical form\u00e9 \u00e0 l\u2019application pratique de la nutrition, il est consid\u00e9r\u00e9 comme le r\u00e9\u00e9ducateur de sant\u00e9 sp\u00e9cialis\u00e9 en nutrition.<\/strong><\/p>\n\n\n\n<meta name=\"description\" content=\"Le di\u00e9t\u00e9ticien est le seul professionnel param\u00e9dical form\u00e9 \u00e0 l\u2019application pratique de la nutrition, il est consid\u00e9r\u00e9 comme le r\u00e9\u00e9ducateur de sant\u00e9 sp\u00e9cialis\u00e9 en nutrition.\">\n\n\n\n<figure class=\"wp-block-gallery has-nested-images columns-default is-cropped wp-block-gallery-1 is-layout-flex wp-block-gallery-is-layout-flex\">\n<figure class=\"wp-block-image\"><img loading=\"lazy\" decoding=\"async\" width=\"1024\" height=\"638\" data-id=\"147\" src=\"https:\/\/camille-dieteticienne.fr\/wp-content\/uploads\/2020\/09\/sport-bike-bicycle-cyclist-12838-1-1024x638.jpg\" alt=\"\" class=\"wp-image-147\" srcset=\"https:\/\/camille-dieteticienne.fr\/wp-content\/uploads\/2020\/09\/sport-bike-bicycle-cyclist-12838-1-1024x638.jpg 1024w, https:\/\/camille-dieteticienne.fr\/wp-content\/uploads\/2020\/09\/sport-bike-bicycle-cyclist-12838-1-300x187.jpg 300w, https:\/\/camille-dieteticienne.fr\/wp-content\/uploads\/2020\/09\/sport-bike-bicycle-cyclist-12838-1-768x478.jpg 768w, https:\/\/camille-dieteticienne.fr\/wp-content\/uploads\/2020\/09\/sport-bike-bicycle-cyclist-12838-1-96x60.jpg 96w\" sizes=\"auto, (max-width: 1024px) 100vw, 1024px\" \/><\/figure>\n\n\n\n<figure class=\"wp-block-image\"><img loading=\"lazy\" decoding=\"async\" width=\"683\" height=\"1024\" data-id=\"158\" src=\"https:\/\/camille-dieteticienne.fr\/wp-content\/uploads\/2020\/09\/miguel-andrade-nAOZCYcLND8-unsplash-683x1024.jpg\" alt=\"\" class=\"wp-image-158\" srcset=\"https:\/\/camille-dieteticienne.fr\/wp-content\/uploads\/2020\/09\/miguel-andrade-nAOZCYcLND8-unsplash-683x1024.jpg 683w, https:\/\/camille-dieteticienne.fr\/wp-content\/uploads\/2020\/09\/miguel-andrade-nAOZCYcLND8-unsplash-200x300.jpg 200w, https:\/\/camille-dieteticienne.fr\/wp-content\/uploads\/2020\/09\/miguel-andrade-nAOZCYcLND8-unsplash-768x1152.jpg 768w, https:\/\/camille-dieteticienne.fr\/wp-content\/uploads\/2020\/09\/miguel-andrade-nAOZCYcLND8-unsplash-40x60.jpg 40w\" sizes=\"auto, (max-width: 683px) 100vw, 683px\" \/><\/figure>\n<\/figure>\n","protected":false},"excerpt":{"rendered":"<p>Qu&rsquo;est-ce que la di\u00e9t\u00e9tique La di\u00e9t\u00e9tique est la science qui \u00e9tudie l\u2019alimentation dans tous ses d\u00e9tails et les implications de l\u2019alimentation sur la sant\u00e9. Elle a pour objectif de permettre &hellip; <\/p>\n","protected":false},"author":1,"featured_media":23,"parent":0,"menu_order":0,"comment_status":"closed","ping_status":"closed","template":"","meta":{"footnotes":""},"class_list":["post-136","page","type-page","status-publish","has-post-thumbnail","hentry"],"_links":{"self":[{"href":"https:\/\/camille-dieteticienne.fr\/index.php\/wp-json\/wp\/v2\/pages\/136","targetHints":{"allow":["GET"]}}],"collection":[{"href":"https:\/\/camille-dieteticienne.fr\/index.php\/wp-json\/wp\/v2\/pages"}],"about":[{"href":"https:\/\/camille-dieteticienne.fr\/index.php\/wp-json\/wp\/v2\/types\/page"}],"author":[{"embeddable":true,"href":"https:\/\/camille-dieteticienne.fr\/index.php\/wp-json\/wp\/v2\/users\/1"}],"replies":[{"embeddable":true,"href":"https:\/\/camille-dieteticienne.fr\/index.php\/wp-json\/wp\/v2\/comments?post=136"}],"version-history":[{"count":11,"href":"https:\/\/camille-dieteticienne.fr\/index.php\/wp-json\/wp\/v2\/pages\/136\/revisions"}],"predecessor-version":[{"id":584,"href":"https:\/\/camille-dieteticienne.fr\/index.php\/wp-json\/wp\/v2\/pages\/136\/revisions\/584"}],"wp:featuredmedia":[{"embeddable":true,"href":"https:\/\/camille-dieteticienne.fr\/index.php\/wp-json\/wp\/v2\/media\/23"}],"wp:attachment":[{"href":"https:\/\/camille-dieteticienne.fr\/index.php\/wp-json\/wp\/v2\/media?parent=136"}],"curies":[{"name":"wp","href":"https:\/\/api.w.org\/{rel}","templated":true}]}}