{"id":170,"date":"2020-09-23T17:59:15","date_gmt":"2020-09-23T15:59:15","guid":{"rendered":"http:\/\/camille-dieteticienne.fr\/?page_id=170"},"modified":"2025-11-25T09:20:08","modified_gmt":"2025-11-25T08:20:08","slug":"honoraires","status":"publish","type":"page","link":"https:\/\/camille-dieteticienne.fr\/index.php\/honoraires\/","title":{"rendered":"Honoraires"},"content":{"rendered":"\n<h3 class=\"wp-block-heading\">Consultations patients <\/h3>\n\n\n\n<figure class=\"wp-block-table\"><table><tbody><tr><td>1 \u00e8re consultation (dur\u00e9e = 1h-1h15)<\/td><td>65 \u20ac<\/td><\/tr><tr><td>S\u00e9ances de suivi (dur\u00e9e = 30 \u00e0 45min)<\/td><td>45 \u20ac <\/td><\/tr><\/tbody><\/table><\/figure>\n\n\n\n<h3 class=\"wp-block-heading\">Consultations couples <\/h3>\n\n\n\n<figure class=\"wp-block-table\"><table><tbody><tr><td>1 \u00e8re consultation (dur\u00e9e = 2h)<\/td><td>100 \u20ac<\/td><\/tr><tr><td>S\u00e9ances de suivi (dur\u00e9e = 1h)<\/td><td>60 \u20ac <\/td><\/tr><\/tbody><\/table><\/figure>\n\n\n\n<h3 class=\"wp-block-heading\">Consultations patients trait\u00e9s pour un cancer \/ r\u00e9seau ONCODIET<\/h3>\n\n\n\n<figure class=\"wp-block-table\"><table><tbody><tr><td>1 \u00e8re consultation<\/td><td>45 \u20ac <\/td><\/tr><tr><td>S\u00e9ances de suivi<\/td><td>45 \u20ac <\/td><\/tr><\/tbody><\/table><\/figure>\n\n\n\n<h3 class=\"wp-block-heading\">Consultations pour sportifs professionnels \/ en comp\u00e9tition<\/h3>\n\n\n\n<figure class=\"wp-block-table\"><table><tbody><tr><td>1 \u00e8re consultation<\/td><td>65 \u20ac<\/td><\/tr><tr><td>S\u00e9ances de suivi<\/td><td>45 \u20ac <\/td><\/tr><\/tbody><\/table><\/figure>\n\n\n\n<p><em>Sp\u00e9cificit\u00e9 du suivi pour les sportifs = mesures avec une pince \u00e0 pli cutan\u00e9 Harpenden pour la d\u00e9termination du taux de masse grasse.<\/em><\/p>\n\n\n\n<h4 class=\"wp-block-heading\">Prise en charge<\/h4>\n\n\n\n<p>Les consultations di\u00e9t\u00e9tiques ne sont pas prises en charges par la s\u00e9curit\u00e9 sociale mais peuvent \u00eatre rembours\u00e9es en partie par certaines mutuelles.   <strong><em>Renseignez-vous aupr\u00e8s de votre compl\u00e9mentaire sant\u00e9.<\/em><\/strong><\/p>\n\n\n<div class=\"wp-block-image\">\n<figure class=\"aligncenter size-large is-resized\"><img loading=\"lazy\" decoding=\"async\" width=\"1024\" height=\"416\" src=\"https:\/\/camille-dieteticienne.fr\/wp-content\/uploads\/2024\/05\/ubiclic-1024x416.png\" alt=\"\" class=\"wp-image-519\" style=\"width:334px;height:auto\" srcset=\"https:\/\/camille-dieteticienne.fr\/wp-content\/uploads\/2024\/05\/ubiclic-1024x416.png 1024w, https:\/\/camille-dieteticienne.fr\/wp-content\/uploads\/2024\/05\/ubiclic-300x122.png 300w, https:\/\/camille-dieteticienne.fr\/wp-content\/uploads\/2024\/05\/ubiclic-768x312.png 768w, https:\/\/camille-dieteticienne.fr\/wp-content\/uploads\/2024\/05\/ubiclic-148x60.png 148w, https:\/\/camille-dieteticienne.fr\/wp-content\/uploads\/2024\/05\/ubiclic.png 1434w\" sizes=\"auto, (max-width: 1024px) 100vw, 1024px\" \/><\/figure><\/div>\n\n\n<div class=\"wp-block-buttons is-content-justification-center is-layout-flex wp-container-core-buttons-is-layout-16018d1d wp-block-buttons-is-layout-flex\">\n<div class=\"wp-block-button is-style-fill\"><a class=\"wp-block-button__link has-white-color has-luminous-vivid-orange-background-color has-text-color has-background has-custom-font-size wp-element-button\" href=\"https:\/\/www.ubiclic.com\/dietetique\/autre\/firkowski-camille\" style=\"font-size:25px;text-decoration:none\">Prendre RDV<\/a><\/div>\n<\/div>\n\n\n\n<p class=\"has-text-align-center\"><\/p>\n\n\n\n<p class=\"has-text-align-center has-black-color has-pale-cyan-blue-background-color has-text-color has-background has-link-color has-medium-font-size wp-elements-72f7cb727bc0ec288725f9682d4c9a85\"><em>S\u00e9lectionnez le motif de consultation, puis v\u00e9rifiez que vous \u00eates sur les cr\u00e9neaux du bon cabinet (vert = \u00ab\u00a0<strong>M\u00e9dis\u00a0\u00bb<\/strong>, bleu = <strong>\u00ab\u00a0Saintes\u00a0\u00bb<\/strong>)<\/em><\/p>\n\n\n\n<figure class=\"wp-block-gallery has-nested-images columns-default is-cropped wp-block-gallery-1 is-layout-flex wp-block-gallery-is-layout-flex\">\n<figure class=\"wp-block-image\"><img loading=\"lazy\" decoding=\"async\" width=\"1024\" height=\"682\" data-id=\"87\" src=\"https:\/\/camille-dieteticienne.fr\/wp-content\/uploads\/2020\/09\/tj-dragotta-Gl0jBJJTDWs-unsplash-1024x682.jpg\" alt=\"\" class=\"wp-image-87\" srcset=\"https:\/\/camille-dieteticienne.fr\/wp-content\/uploads\/2020\/09\/tj-dragotta-Gl0jBJJTDWs-unsplash-1024x682.jpg 1024w, https:\/\/camille-dieteticienne.fr\/wp-content\/uploads\/2020\/09\/tj-dragotta-Gl0jBJJTDWs-unsplash-300x200.jpg 300w, https:\/\/camille-dieteticienne.fr\/wp-content\/uploads\/2020\/09\/tj-dragotta-Gl0jBJJTDWs-unsplash-768x512.jpg 768w, https:\/\/camille-dieteticienne.fr\/wp-content\/uploads\/2020\/09\/tj-dragotta-Gl0jBJJTDWs-unsplash-90x60.jpg 90w, https:\/\/camille-dieteticienne.fr\/wp-content\/uploads\/2020\/09\/tj-dragotta-Gl0jBJJTDWs-unsplash-370x247.jpg 370w, https:\/\/camille-dieteticienne.fr\/wp-content\/uploads\/2020\/09\/tj-dragotta-Gl0jBJJTDWs-unsplash-776x517.jpg 776w\" sizes=\"auto, (max-width: 1024px) 100vw, 1024px\" \/><\/figure>\n\n\n\n<figure class=\"wp-block-image\"><img loading=\"lazy\" decoding=\"async\" width=\"1024\" height=\"683\" data-id=\"81\" src=\"https:\/\/camille-dieteticienne.fr\/wp-content\/uploads\/2020\/09\/maddi-bazzocco-g3rqa1twF-0-unsplash-1024x683.jpg\" alt=\"\" class=\"wp-image-81\" srcset=\"https:\/\/camille-dieteticienne.fr\/wp-content\/uploads\/2020\/09\/maddi-bazzocco-g3rqa1twF-0-unsplash-1024x683.jpg 1024w, https:\/\/camille-dieteticienne.fr\/wp-content\/uploads\/2020\/09\/maddi-bazzocco-g3rqa1twF-0-unsplash-300x200.jpg 300w, https:\/\/camille-dieteticienne.fr\/wp-content\/uploads\/2020\/09\/maddi-bazzocco-g3rqa1twF-0-unsplash-768x512.jpg 768w, https:\/\/camille-dieteticienne.fr\/wp-content\/uploads\/2020\/09\/maddi-bazzocco-g3rqa1twF-0-unsplash-90x60.jpg 90w, https:\/\/camille-dieteticienne.fr\/wp-content\/uploads\/2020\/09\/maddi-bazzocco-g3rqa1twF-0-unsplash-370x247.jpg 370w, https:\/\/camille-dieteticienne.fr\/wp-content\/uploads\/2020\/09\/maddi-bazzocco-g3rqa1twF-0-unsplash-776x517.jpg 776w\" sizes=\"auto, (max-width: 1024px) 100vw, 1024px\" \/><\/figure>\n\n\n\n<figure class=\"wp-block-image\"><img loading=\"lazy\" decoding=\"async\" width=\"1024\" height=\"683\" data-id=\"173\" src=\"https:\/\/camille-dieteticienne.fr\/wp-content\/uploads\/2020\/09\/people-doing-marathon-618612-1-1024x683.jpg\" alt=\"\" class=\"wp-image-173\" srcset=\"https:\/\/camille-dieteticienne.fr\/wp-content\/uploads\/2020\/09\/people-doing-marathon-618612-1-1024x683.jpg 1024w, https:\/\/camille-dieteticienne.fr\/wp-content\/uploads\/2020\/09\/people-doing-marathon-618612-1-300x200.jpg 300w, https:\/\/camille-dieteticienne.fr\/wp-content\/uploads\/2020\/09\/people-doing-marathon-618612-1-768x512.jpg 768w, https:\/\/camille-dieteticienne.fr\/wp-content\/uploads\/2020\/09\/people-doing-marathon-618612-1-90x60.jpg 90w, https:\/\/camille-dieteticienne.fr\/wp-content\/uploads\/2020\/09\/people-doing-marathon-618612-1-370x247.jpg 370w, https:\/\/camille-dieteticienne.fr\/wp-content\/uploads\/2020\/09\/people-doing-marathon-618612-1-776x517.jpg 776w, https:\/\/camille-dieteticienne.fr\/wp-content\/uploads\/2020\/09\/people-doing-marathon-618612-1.jpg 1200w\" sizes=\"auto, (max-width: 1024px) 100vw, 1024px\" \/><\/figure>\n<\/figure>\n","protected":false},"excerpt":{"rendered":"<p>Consultations patients 1 \u00e8re consultation (dur\u00e9e = 1h-1h15) 65 \u20ac S\u00e9ances de suivi (dur\u00e9e = 30 \u00e0 45min) 45 \u20ac Consultations couples 1 \u00e8re consultation (dur\u00e9e = 2h) 100 \u20ac &hellip; <\/p>\n","protected":false},"author":1,"featured_media":81,"parent":0,"menu_order":0,"comment_status":"closed","ping_status":"closed","template":"","meta":{"footnotes":""},"class_list":["post-170","page","type-page","status-publish","has-post-thumbnail","hentry"],"_links":{"self":[{"href":"https:\/\/camille-dieteticienne.fr\/index.php\/wp-json\/wp\/v2\/pages\/170","targetHints":{"allow":["GET"]}}],"collection":[{"href":"https:\/\/camille-dieteticienne.fr\/index.php\/wp-json\/wp\/v2\/pages"}],"about":[{"href":"https:\/\/camille-dieteticienne.fr\/index.php\/wp-json\/wp\/v2\/types\/page"}],"author":[{"embeddable":true,"href":"https:\/\/camille-dieteticienne.fr\/index.php\/wp-json\/wp\/v2\/users\/1"}],"replies":[{"embeddable":true,"href":"https:\/\/camille-dieteticienne.fr\/index.php\/wp-json\/wp\/v2\/comments?post=170"}],"version-history":[{"count":46,"href":"https:\/\/camille-dieteticienne.fr\/index.php\/wp-json\/wp\/v2\/pages\/170\/revisions"}],"predecessor-version":[{"id":581,"href":"https:\/\/camille-dieteticienne.fr\/index.php\/wp-json\/wp\/v2\/pages\/170\/revisions\/581"}],"wp:featuredmedia":[{"embeddable":true,"href":"https:\/\/camille-dieteticienne.fr\/index.php\/wp-json\/wp\/v2\/media\/81"}],"wp:attachment":[{"href":"https:\/\/camille-dieteticienne.fr\/index.php\/wp-json\/wp\/v2\/media?parent=170"}],"curies":[{"name":"wp","href":"https:\/\/api.w.org\/{rel}","templated":true}]}}